{"id":1577,"date":"2025-09-25T18:43:23","date_gmt":"2025-09-25T18:43:23","guid":{"rendered":"https:\/\/soymilkyweb.com\/metrosalud\/?page_id=1577"},"modified":"2026-04-08T15:49:29","modified_gmt":"2026-04-08T15:49:29","slug":"jornadas-de-vacunacion","status":"publish","type":"page","link":"https:\/\/metrosalud.org\/en\/jornadas-de-vacunacion\/","title":{"rendered":"Vaccination Days"},"content":{"rendered":"<div data-elementor-type=\"wp-page\" data-elementor-id=\"1577\" class=\"elementor elementor-1577\" data-elementor-post-type=\"page\">\n\t\t\t\t\t\t<section data-particle_enable=\"false\" data-particle-mobile-disabled=\"false\" class=\"elementor-section elementor-top-section elementor-element elementor-element-dda9b7e elementor-section-boxed elementor-section-height-default elementor-section-height-default\" data-id=\"dda9b7e\" data-element_type=\"section\" data-e-type=\"section\" data-settings=\"{&quot;background_background&quot;:&quot;classic&quot;}\">\n\t\t\t\t\t\t\t<div class=\"elementor-background-overlay\"><\/div>\n\t\t\t\t\t\t\t<div class=\"elementor-container elementor-column-gap-default\">\n\t\t\t\t\t<div class=\"elementor-column elementor-col-50 elementor-top-column elementor-element elementor-element-2677a7b\" data-id=\"2677a7b\" data-element_type=\"column\" data-e-type=\"column\">\n\t\t\t<div class=\"elementor-widget-wrap elementor-element-populated\">\n\t\t\t\t\t\t<div class=\"elementor-element elementor-element-0513567 elementor-widget elementor-widget-heading\" data-id=\"0513567\" data-element_type=\"widget\" data-e-type=\"widget\" data-widget_type=\"heading.default\">\n\t\t\t\t\t<h2 class=\"elementor-heading-title elementor-size-default\">Vaccination Days<\/h2>\t\t\t\t<\/div>\n\t\t\t\t<div class=\"elementor-element elementor-element-1ffe018 elementor-widget elementor-widget-shortcode\" data-id=\"1ffe018\" data-element_type=\"widget\" data-e-type=\"widget\" data-widget_type=\"shortcode.default\">\n\t\t\t\t\t\t\t<div class=\"elementor-shortcode\"><nav aria-label=\"breadcrumbs\" class=\"rank-math-breadcrumb\"><p><\/p><\/nav><\/div>\n\t\t\t\t\t\t<\/div>\n\t\t\t\t\t<\/div>\n\t\t<\/div>\n\t\t\t\t<div class=\"elementor-column elementor-col-50 elementor-top-column elementor-element elementor-element-012ce7b\" data-id=\"012ce7b\" data-element_type=\"column\" data-e-type=\"column\">\n\t\t\t<div class=\"elementor-widget-wrap\">\n\t\t\t\t\t\t\t<\/div>\n\t\t<\/div>\n\t\t\t\t\t<\/div>\n\t\t<\/section>\n\t\t\t\t<section data-particle_enable=\"false\" data-particle-mobile-disabled=\"false\" class=\"elementor-section elementor-top-section elementor-element elementor-element-0cfbcff elementor-section-boxed elementor-section-height-default elementor-section-height-default\" data-id=\"0cfbcff\" data-element_type=\"section\" data-e-type=\"section\">\n\t\t\t\t\t\t<div class=\"elementor-container elementor-column-gap-default\">\n\t\t\t\t\t<div class=\"elementor-column elementor-col-100 elementor-top-column elementor-element elementor-element-cb5ec30\" data-id=\"cb5ec30\" data-element_type=\"column\" data-e-type=\"column\">\n\t\t\t<div class=\"elementor-widget-wrap elementor-element-populated\">\n\t\t\t\t\t\t<div class=\"elementor-element elementor-element-d4b243d elementor-widget elementor-widget-heading\" data-id=\"d4b243d\" data-element_type=\"widget\" data-e-type=\"widget\" data-widget_type=\"heading.default\">\n\t\t\t\t\t<h2 class=\"elementor-heading-title elementor-size-default\">Importance of vaccination <\/h2>\t\t\t\t<\/div>\n\t\t\t\t<div class=\"elementor-element elementor-element-14ce81d elementor-widget elementor-widget-text-editor\" data-id=\"14ce81d\" data-element_type=\"widget\" data-e-type=\"widget\" data-widget_type=\"text-editor.default\">\n\t\t\t\t\t\t\t\t\t<p><span data-contrast=\"auto\">Vaccination is one of the most effective, safe, and cost-effective public health interventions for preventing communicable diseases. Thanks to the Expanded Program on Immunization (EPI), Colombia has made significant progress in controlling and eliminating numerous diseases that previously caused a high burden of illness, disability, and infant mortality.<\/span><span data-ccp-props=\"{&quot;201341983&quot;:0,&quot;335551550&quot;:6,&quot;335551620&quot;:6,&quot;335559739&quot;:0,&quot;335559740&quot;:240}\">\u00a0<\/span><\/p><p><span data-contrast=\"auto\">Below you will find the National Immunization Schedule for each life stage, as well as the Metrosalud service points where you can go:<\/span><span data-ccp-props=\"{&quot;201341983&quot;:0,&quot;335551550&quot;:6,&quot;335551620&quot;:6,&quot;335559739&quot;:0,&quot;335559740&quot;:240}\">\u00a0<\/span><\/p>\t\t\t\t\t\t\t\t<\/div>\n\t\t\t\t\t<\/div>\n\t\t<\/div>\n\t\t\t\t\t<\/div>\n\t\t<\/section>\n\t\t\t\t<section data-particle_enable=\"false\" data-particle-mobile-disabled=\"false\" class=\"elementor-section elementor-top-section elementor-element elementor-element-682b7a0 elementor-section-boxed elementor-section-height-default elementor-section-height-default\" data-id=\"682b7a0\" data-element_type=\"section\" data-e-type=\"section\" data-settings=\"{&quot;shape_divider_top&quot;:&quot;curve&quot;,&quot;shape_divider_top_negative&quot;:&quot;yes&quot;,&quot;background_background&quot;:&quot;gradient&quot;}\">\n\t\t\t\t\t\t\t<div class=\"elementor-background-overlay\"><\/div>\n\t\t\t\t\t\t<div class=\"elementor-shape elementor-shape-top\" aria-hidden=\"true\" data-negative=\"true\">\n\t\t\t<svg xmlns=\"http:\/\/www.w3.org\/2000\/svg\" viewbox=\"0 0 1000 100\" preserveaspectratio=\"none\">\n\t<path class=\"elementor-shape-fill\" d=\"M500,97C126.7,96.3,0.8,19.8,0,0v100l1000,0V1C1000,19.4,873.3,97.8,500,97z\"\/>\n<\/svg>\t\t<\/div>\n\t\t\t\t\t<div class=\"elementor-container elementor-column-gap-default\">\n\t\t\t\t\t<div class=\"elementor-column elementor-col-100 elementor-top-column elementor-element elementor-element-3f9257e\" data-id=\"3f9257e\" data-element_type=\"column\" data-e-type=\"column\">\n\t\t\t<div class=\"elementor-widget-wrap elementor-element-populated\">\n\t\t\t\t\t\t<div class=\"elementor-element elementor-element-6f65106 elementor-widget elementor-widget-heading\" data-id=\"6f65106\" data-element_type=\"widget\" data-e-type=\"widget\" data-widget_type=\"heading.default\">\n\t\t\t\t\t<h2 class=\"elementor-heading-title elementor-size-default\">National vaccination schedule in force in Colombia (PAI) <\/h2>\t\t\t\t<\/div>\n\t\t\t\t<div class=\"elementor-element elementor-element-a6b0252 elementor-widget elementor-widget-text-editor\" data-id=\"a6b0252\" data-element_type=\"widget\" data-e-type=\"widget\" data-widget_type=\"text-editor.default\">\n\t\t\t\t\t\t\t\t\t<p><span class=\"TextRun SCXW103862822 BCX0\" lang=\"ES-CO\" xml:lang=\"ES-CO\" data-contrast=\"auto\"><span class=\"NormalTextRun SCXW103862822 BCX0\">In accordance with the guidelines of the Ministry of Health and Social Protection, the updated scheme as of January 2026 is presented:<\/span><\/span><span class=\"EOP SCXW103862822 BCX0\" data-ccp-props=\"{&quot;201341983&quot;:0,&quot;335551550&quot;:6,&quot;335551620&quot;:6,&quot;335559739&quot;:0,&quot;335559740&quot;:240}\">\u00a0<\/span><\/p>\t\t\t\t\t\t\t\t<\/div>\n\t\t\t\t<div class=\"elementor-element elementor-element-87d58cc elementor-widget elementor-widget-heading\" data-id=\"87d58cc\" data-element_type=\"widget\" data-e-type=\"widget\" data-widget_type=\"heading.default\">\n\t\t\t\t\t<h2 class=\"elementor-heading-title elementor-size-default\">Child Population<\/h2>\t\t\t\t<\/div>\n\t\t<div data-particle_enable=\"false\" data-particle-mobile-disabled=\"false\" class=\"elementor-element elementor-element-e71e3e6 e-grid e-con-boxed e-con e-parent\" data-id=\"e71e3e6\" data-element_type=\"container\" data-e-type=\"container\" data-settings=\"{&quot;background_background&quot;:&quot;classic&quot;}\">\n\t\t\t\t\t<div class=\"e-con-inner\">\n\t\t\t\t<div class=\"elementor-element elementor-element-86554bd elementor-widget elementor-widget-text-editor\" data-id=\"86554bd\" data-element_type=\"widget\" data-e-type=\"widget\" data-widget_type=\"text-editor.default\">\n\t\t\t\t\t\t\t\t\t<table width=\"595\"><tbody><tr><td width=\"245\"><p><strong>Reci\u00e9n Nacido<\/strong><\/p><\/td><\/tr><tr><td width=\"245\"><p>BCG \u2013 Una dosis.\u00a0\u00a0<\/p><\/td><\/tr><tr><td width=\"245\"><p>Hepatitis B \u2013 Una dosis.<\/p><\/td><\/tr><tr><td width=\"245\"><p>\u00a0<\/p><\/td><\/tr><tr><td width=\"245\"><p><strong>Mes y medio<\/strong><\/p><\/td><\/tr><tr><td width=\"245\"><p>Pentavalente (DPT + Hib + Hepatitis B) \u2013 1\u00aa dosis.<\/p><\/td><\/tr><tr><td width=\"245\"><p>Polio (IPV) \u2013 1\u00aa dosis.<\/p><\/td><\/tr><tr><td width=\"245\"><p>Rotavirus \u2013 1\u00aa dosis.<\/p><\/td><\/tr><tr><td width=\"245\"><p>Neumococo \u2013 1\u00aa dosis.<\/p><\/td><\/tr><tr><td width=\"245\"><p>\u00a0<\/p><\/td><\/tr><tr><td width=\"245\"><p><strong>3 meses<\/strong><\/p><\/td><\/tr><tr><td width=\"245\"><p>Pentavalente (DPT + Hib + Hepatitis B) \u2013 2\u00aa dosis.<\/p><\/td><\/tr><tr><td width=\"245\"><p>Polio (IPV) \u2013 2\u00aa dosis.<\/p><\/td><\/tr><tr><td width=\"245\"><p>Rotavirus \u2013 2\u00aa dosis.<\/p><\/td><\/tr><tr><td width=\"245\"><p>Neumococo \u2013 2\u00aa dosis.<\/p><\/td><\/tr><tr><td width=\"245\"><p>\u00a0<\/p><\/td><\/tr><tr><td width=\"245\"><p><strong>\u00a0<\/strong><\/p><p><strong>4 meses y medio<\/strong><\/p><\/td><\/tr><tr><td width=\"245\"><p>Pentavalente (DPT + Hib + Hepatitis B) \u2013 3\u00aa dosis.<\/p><\/td><\/tr><tr><td width=\"245\"><p>Polio (IPV) \u2013 3\u00aa dosis.<\/p><\/td><\/tr><tr><td width=\"245\"><p>\u00a0<\/p><\/td><\/tr><tr><td width=\"245\"><p><strong>6 meses<\/strong><\/p><\/td><\/tr><tr><td width=\"245\"><p>Influenza \u2013 1\u00aa dosis<\/p><\/td><\/tr><\/tbody><\/table>\t\t\t\t\t\t\t\t<\/div>\n\t\t\t\t<div class=\"elementor-element elementor-element-700b916 elementor-widget elementor-widget-text-editor\" data-id=\"700b916\" data-element_type=\"widget\" data-e-type=\"widget\" data-widget_type=\"text-editor.default\">\n\t\t\t\t\t\t\t\t\t<table width=\"595\"><tbody><tr><td width=\"321\"><p><strong>7 meses<\/strong><\/p><\/td><\/tr><tr><td width=\"321\"><p>Influenza \u2013 2\u00aa dosis<\/p><\/td><\/tr><tr><td width=\"321\"><p>\u00a0<\/p><\/td><\/tr><tr><td width=\"321\"><p><strong>9 meses<\/strong><\/p><\/td><\/tr><tr><td width=\"321\"><p>Fiebre amarilla \u2013 Dosis \u00fanica<\/p><\/td><\/tr><tr><td width=\"321\"><p>\u00a0<\/p><\/td><\/tr><tr><td width=\"321\"><p><strong>12 meses<\/strong><\/p><\/td><\/tr><tr><td width=\"321\"><p>SRP (Sarampi\u00f3n\u2013Rub\u00e9ola\u2013Paperas) \u2013 1\u00aa dosis.<\/p><\/td><\/tr><tr><td width=\"321\"><p>Hepatitis A \u2013 1\u00aa dosis.<\/p><\/td><\/tr><tr><td width=\"321\"><p>Neumococo \u2013 refuerzo.<\/p><\/td><\/tr><tr><td width=\"321\"><p>Varicela \u2013 1\u00aa dosis.<\/p><\/td><\/tr><tr><td width=\"321\"><p><strong>\u00a0<\/strong><\/p><\/td><\/tr><tr><td width=\"321\"><p><strong>18 meses<\/strong><\/p><\/td><\/tr><tr><td width=\"321\"><p>Pentavalente (DPT + Hib + Hepatitis B) \u2013 Refuerzo.<\/p><p>Polio \u2013 Refuerzo.<\/p><p>SRP (Sarampi\u00f3n\u2013Rub\u00e9ola\u2013Paperas) \u2013 2\u00aa dosis.<\/p><\/td><\/tr><tr><td width=\"321\"><p><strong>\u00a0<\/strong><\/p><\/td><\/tr><tr><td width=\"321\"><p><strong>5 a\u00f1os<\/strong><\/p><\/td><\/tr><tr><td width=\"321\"><p>DPT (Difteria \u2013 Tosferina \u2013 T\u00e9tano) \u2013 Refuerzo.<\/p><\/td><\/tr><tr><td width=\"321\"><p>Polio \u2013 Refuerzo.<\/p><\/td><\/tr><tr><td width=\"321\"><p>Varicela \u2013 Refuerzo.<\/p><\/td><\/tr><tr><td width=\"321\"><p>\u00a0<\/p><\/td><\/tr><tr><td width=\"321\"><p>\u00a0<\/p><\/td><\/tr><tr><td width=\"321\"><p>\u00a0<\/p><\/td><\/tr><\/tbody><\/table><p>\u00a0<\/p>\t\t\t\t\t\t\t\t<\/div>\n\t\t\t\t\t<\/div>\n\t\t\t\t<\/div>\n\t\t\t\t<div class=\"elementor-element elementor-element-6e1de10 elementor-widget elementor-widget-heading\" data-id=\"6e1de10\" data-element_type=\"widget\" data-e-type=\"widget\" data-widget_type=\"heading.default\">\n\t\t\t\t\t<h2 class=\"elementor-heading-title elementor-size-default\">Special Population<\/h2>\t\t\t\t<\/div>\n\t\t<div data-particle_enable=\"false\" data-particle-mobile-disabled=\"false\" class=\"elementor-element elementor-element-8ed2ed4 e-grid e-con-boxed e-con e-parent\" data-id=\"8ed2ed4\" data-element_type=\"container\" data-e-type=\"container\" data-settings=\"{&quot;background_background&quot;:&quot;classic&quot;}\">\n\t\t\t\t\t<div class=\"e-con-inner\">\n\t\t\t\t<div class=\"elementor-element elementor-element-58ec97c elementor-widget elementor-widget-text-editor\" data-id=\"58ec97c\" data-element_type=\"widget\" data-e-type=\"widget\" data-widget_type=\"text-editor.default\">\n\t\t\t\t\t\t\t\t\t<table width=\"595\"><tbody><tr><td width=\"245\"><p><strong>Adolescentes (9 a 17 a\u00f1os)<\/strong><\/p><\/td><\/tr><tr><td width=\"245\"><p>VPH \u2013 Dosis \u00fanica<\/p><\/td><\/tr><tr><td width=\"245\"><p>\u00a0<\/p><\/td><\/tr><tr><td width=\"245\"><p><strong>Gestantes<\/strong><\/p><\/td><\/tr><tr><td width=\"245\"><p>Tdap \u2013 Una dosis entre la semana 26 y 36.<\/p><\/td><\/tr><tr><td width=\"245\"><p>Influenza \u2013 Semana 14<\/p><\/td><\/tr><tr><td width=\"245\"><p>Covid \u2013 Semana 12<\/p><\/td><\/tr><tr><td width=\"245\"><p>VSR \u2013 Una dosis entre la semana 24 y 36.<\/p><\/td><\/tr><tr><td width=\"245\"><p>\u00a0<\/p><\/td><\/tr><tr><td width=\"245\"><p><strong>Mujeres en edad f\u00e9rtil (10-49 a\u00f1os)<\/strong><\/p><\/td><\/tr><tr><td width=\"245\"><p>Td \u2013 1\u00aa dosis.<\/p><\/td><\/tr><tr><td width=\"245\"><p>Td \u2013 2\u00aa dosis. (al mes de la 1)<\/p><\/td><\/tr><tr><td width=\"245\"><p>Td \u2013 3\u00aa dosis. (6 meses de la 2)<\/p><\/td><\/tr><tr><td width=\"245\"><p>Td \u2013 4\u00aa dosis. (al a\u00f1o de la 3)<\/p><\/td><\/tr><tr><td width=\"245\"><p>Td \u2013 5\u00aa dosis. (al a\u00f1o de la 4)<\/p><\/td><\/tr><tr><td width=\"245\"><p><strong>\u00a0<\/strong><\/p><\/td><\/tr><tr><td width=\"245\"><p><strong>Adultos<\/strong><\/p><\/td><\/tr><tr><td width=\"245\"><p>Influenza anual \u2013 Poblaci\u00f3n mayor de 60 a\u00f1os y grupos priorizados.<\/p><\/td><\/tr><\/tbody><\/table><p>\u00a0<\/p>\t\t\t\t\t\t\t\t<\/div>\n\t\t\t\t<div class=\"elementor-element elementor-element-7e2fbf1 elementor-widget elementor-widget-text-editor\" data-id=\"7e2fbf1\" data-element_type=\"widget\" data-e-type=\"widget\" data-widget_type=\"text-editor.default\">\n\t\t\t\t\t\t\t\t\t<table width=\"595\"><tbody><tr><td width=\"321\"><p><strong>Vacunaci\u00f3n COVID<\/strong><\/p><\/td><td width=\"0\"><p>\u00a0<\/p><\/td><\/tr><tr><td rowspan=\"4\" width=\"321\"><p>Dosis priorizada para grupos de riesgo: gestantes, mayores de 60 a\u00f1os, personas con comorbilidades, talento humano en salud. (6 meses despu\u00e9s de la \u00faltima vacuna).<\/p><\/td><td width=\"0\">\u00a0<\/td><\/tr><tr><td rowspan=\"2\" width=\"321\"><p>La aplicaci\u00f3n depender\u00e1 de la disponibilidad del biol\u00f3gico y de las indicaciones dadas seg\u00fan el laboratorio.<\/p><\/td><td width=\"0\">\u00a0<\/td><\/tr><tr><td width=\"321\"><p>\u00a0<\/p><\/td><td width=\"0\"><p>\u00a0<\/p><\/td><\/tr><tr><td width=\"321\"><p><strong>Poblaci\u00f3n con riesgo especial<\/strong><\/p><\/td><td width=\"0\"><p>\u00a0<\/p><\/td><\/tr><tr><td width=\"321\"><p>Personas con enfermedades cr\u00f3nicas.<\/p><\/td><td width=\"0\"><p>\u00a0<\/p><\/td><\/tr><tr><td width=\"321\"><p>Inmunocomprometidos.<\/p><\/td><td width=\"0\">\u00a0<\/td><\/tr><tr><td width=\"321\"><p>Trabajadores de la salud.<\/p><\/td><td width=\"0\"><p>\u00a0<\/p><\/td><\/tr><tr><td rowspan=\"7\" width=\"321\"><p>Poblaci\u00f3n migrante sin esquema completo.<\/p><\/td><td width=\"0\">\u00a0<\/td><\/tr><\/tbody><\/table>\t\t\t\t\t\t\t\t<\/div>\n\t\t\t\t\t<\/div>\n\t\t\t\t<\/div>\n\t\t\t\t\t<\/div>\n\t\t<\/div>\n\t\t\t\t\t<\/div>\n\t\t<\/section>\n\t\t\t\t<\/div>","protected":false},"excerpt":{"rendered":"<p>Importancia de la vacunaci\u00f3n La vacunaci\u00f3n es una de las intervenciones de salud p\u00fablica m\u00e1s efectivas,\u00a0seguras y costo\u2013efectivas para prevenir enfermedades transmisibles.\u00a0Gracias al Programa Ampliado de Inmunizaciones (PAI), Colombia ha\u00a0logrado [&hellip;]<\/p>\n","protected":false},"author":2,"featured_media":4833,"parent":0,"menu_order":0,"comment_status":"closed","ping_status":"closed","template":"","meta":{"_acf_changed":false,"site-sidebar-layout":"no-sidebar","site-content-layout":"","ast-site-content-layout":"full-width-container","site-content-style":"default","site-sidebar-style":"default","ast-global-header-display":"","ast-banner-title-visibility":"","ast-main-header-display":"","ast-hfb-above-header-display":"","ast-hfb-below-header-display":"","ast-hfb-mobile-header-display":"","site-post-title":"disabled","ast-breadcrumbs-content":"","ast-featured-img":"disabled","footer-sml-layout":"","ast-disable-related-posts":"","theme-transparent-header-meta":"default","adv-header-id-meta":"","stick-header-meta":"","header-above-stick-meta":"","header-main-stick-meta":"","header-below-stick-meta":"","astra-migrate-meta-layouts":"set","ast-page-background-enabled":"default","ast-page-background-meta":{"desktop":{"background-color":"var(--ast-global-color-5)","background-image":"","background-repeat":"repeat","background-position":"center center","background-size":"auto","background-attachment":"scroll","background-type":"","background-media":"","overlay-type":"","overlay-color":"","overlay-opacity":"","overlay-gradient":""},"tablet":{"background-color":"","background-image":"","background-repeat":"repeat","background-position":"center center","background-size":"auto","background-attachment":"scroll","background-type":"","background-media":"","overlay-type":"","overlay-color":"","overlay-opacity":"","overlay-gradient":""},"mobile":{"background-color":"","background-image":"","background-repeat":"repeat","background-position":"center center","background-size":"auto","background-attachment":"scroll","background-type":"","background-media":"","overlay-type":"","overlay-color":"","overlay-opacity":"","overlay-gradient":""}},"ast-content-background-meta":{"desktop":{"background-color":"var(--ast-global-color-4)","background-image":"","background-repeat":"repeat","background-position":"center center","background-size":"auto","background-attachment":"scroll","background-type":"","background-media":"","overlay-type":"","overlay-color":"","overlay-opacity":"","overlay-gradient":""},"tablet":{"background-color":"var(--ast-global-color-4)","background-image":"","background-repeat":"repeat","background-position":"center center","background-size":"auto","background-attachment":"scroll","background-type":"","background-media":"","overlay-type":"","overlay-color":"","overlay-opacity":"","overlay-gradient":""},"mobile":{"background-color":"var(--ast-global-color-4)","background-image":"","background-repeat":"repeat","background-position":"center center","background-size":"auto","background-attachment":"scroll","background-type":"","background-media":"","overlay-type":"","overlay-color":"","overlay-opacity":"","overlay-gradient":""}},"footnotes":""},"class_list":["post-1577","page","type-page","status-publish","has-post-thumbnail","hentry"],"acf":[],"_links":{"self":[{"href":"https:\/\/metrosalud.org\/en\/wp-json\/wp\/v2\/pages\/1577","targetHints":{"allow":["GET"]}}],"collection":[{"href":"https:\/\/metrosalud.org\/en\/wp-json\/wp\/v2\/pages"}],"about":[{"href":"https:\/\/metrosalud.org\/en\/wp-json\/wp\/v2\/types\/page"}],"author":[{"embeddable":true,"href":"https:\/\/metrosalud.org\/en\/wp-json\/wp\/v2\/users\/2"}],"replies":[{"embeddable":true,"href":"https:\/\/metrosalud.org\/en\/wp-json\/wp\/v2\/comments?post=1577"}],"version-history":[{"count":20,"href":"https:\/\/metrosalud.org\/en\/wp-json\/wp\/v2\/pages\/1577\/revisions"}],"predecessor-version":[{"id":10822,"href":"https:\/\/metrosalud.org\/en\/wp-json\/wp\/v2\/pages\/1577\/revisions\/10822"}],"wp:featuredmedia":[{"embeddable":true,"href":"https:\/\/metrosalud.org\/en\/wp-json\/wp\/v2\/media\/4833"}],"wp:attachment":[{"href":"https:\/\/metrosalud.org\/en\/wp-json\/wp\/v2\/media?parent=1577"}],"curies":[{"name":"wp","href":"https:\/\/api.w.org\/{rel}","templated":true}]}}