{"id":5180,"date":"2026-02-23T10:57:23","date_gmt":"2026-02-23T10:57:23","guid":{"rendered":"https:\/\/soymilkyweb.com\/metrosalud\/?page_id=5180"},"modified":"2026-03-27T14:09:08","modified_gmt":"2026-03-27T14:09:08","slug":"politica-publica-de-adulto-mayor","status":"publish","type":"page","link":"https:\/\/metrosalud.org\/en\/programas-y-convenios\/politica-publica-de-adulto-mayor\/","title":{"rendered":"Public Policy for Older Adults"},"content":{"rendered":"<div data-elementor-type=\"wp-page\" data-elementor-id=\"5180\" class=\"elementor elementor-5180\" data-elementor-post-type=\"page\">\n\t\t\t\t\t\t<section data-particle_enable=\"false\" data-particle-mobile-disabled=\"false\" class=\"elementor-section elementor-top-section elementor-element elementor-element-6a6f3e1 elementor-section-boxed elementor-section-height-default elementor-section-height-default\" data-id=\"6a6f3e1\" data-element_type=\"section\" data-e-type=\"section\" data-settings=\"{&quot;background_background&quot;:&quot;classic&quot;}\">\n\t\t\t\t\t\t\t<div class=\"elementor-background-overlay\"><\/div>\n\t\t\t\t\t\t\t<div class=\"elementor-container elementor-column-gap-default\">\n\t\t\t\t\t<div class=\"elementor-column elementor-col-50 elementor-top-column elementor-element elementor-element-8a26df6\" data-id=\"8a26df6\" data-element_type=\"column\" data-e-type=\"column\">\n\t\t\t<div class=\"elementor-widget-wrap elementor-element-populated\">\n\t\t\t\t\t\t<div class=\"elementor-element elementor-element-2b223a1 elementor-widget elementor-widget-heading\" data-id=\"2b223a1\" data-element_type=\"widget\" data-e-type=\"widget\" data-widget_type=\"heading.default\">\n\t\t\t\t\t<h2 class=\"elementor-heading-title elementor-size-default\">Public Policy for Older Adults<\/h2>\t\t\t\t<\/div>\n\t\t\t\t<div class=\"elementor-element elementor-element-f49b078 elementor-widget elementor-widget-shortcode\" data-id=\"f49b078\" data-element_type=\"widget\" data-e-type=\"widget\" data-widget_type=\"shortcode.default\">\n\t\t\t\t\t\t\t<div class=\"elementor-shortcode\"><nav aria-label=\"breadcrumbs\" class=\"rank-math-breadcrumb\"><p><\/p><\/nav><\/div>\n\t\t\t\t\t\t<\/div>\n\t\t\t\t\t<\/div>\n\t\t<\/div>\n\t\t\t\t<div class=\"elementor-column elementor-col-50 elementor-top-column elementor-element elementor-element-bb7ae7e\" data-id=\"bb7ae7e\" data-element_type=\"column\" data-e-type=\"column\">\n\t\t\t<div class=\"elementor-widget-wrap\">\n\t\t\t\t\t\t\t<\/div>\n\t\t<\/div>\n\t\t\t\t\t<\/div>\n\t\t<\/section>\n\t\t\t\t<section data-particle_enable=\"false\" data-particle-mobile-disabled=\"false\" class=\"elementor-section elementor-top-section elementor-element elementor-element-666cdba elementor-section-boxed elementor-section-height-default elementor-section-height-default\" data-id=\"666cdba\" data-element_type=\"section\" data-e-type=\"section\">\n\t\t\t\t\t\t<div class=\"elementor-container elementor-column-gap-default\">\n\t\t\t\t\t<div class=\"elementor-column elementor-col-100 elementor-top-column elementor-element elementor-element-0e37d53\" data-id=\"0e37d53\" data-element_type=\"column\" data-e-type=\"column\">\n\t\t\t<div class=\"elementor-widget-wrap elementor-element-populated\">\n\t\t\t\t\t\t<div class=\"elementor-element elementor-element-70bc48e elementor-widget elementor-widget-heading\" data-id=\"70bc48e\" data-element_type=\"widget\" data-e-type=\"widget\" data-widget_type=\"heading.default\">\n\t\t\t\t\t<h2 class=\"elementor-heading-title elementor-size-default\">Aging and Old Age <\/h2>\t\t\t\t<\/div>\n\t\t\t\t<div class=\"elementor-element elementor-element-265331e elementor-widget elementor-widget-heading\" data-id=\"265331e\" data-element_type=\"widget\" data-e-type=\"widget\" data-widget_type=\"heading.default\">\n\t\t\t\t\t<h2 class=\"elementor-heading-title elementor-size-default\">Public policy for care, protection and dignified aging <\/h2>\t\t\t\t<\/div>\n\t\t\t\t<div class=\"elementor-element elementor-element-e05d487 elementor-widget elementor-widget-text-editor\" data-id=\"e05d487\" data-element_type=\"widget\" data-e-type=\"widget\" data-widget_type=\"text-editor.default\">\n\t\t\t\t\t\t\t\t\t<p class=\"translation-block\">This strategy  develops the actions of the Public Policy on Aging and Old Age of the Special District of Science, Technology and Innovation of Medell\u00edn, reaffirming the city's commitment to the well-being, dignity, and quality of life of older adults. This policy, established through Agreement 08 of 2012 and regulated by Decree 1431 of 2014, is implemented through the Municipal Plan on Aging and Old Age, also known as the gerontological plan .<\/p>\t\t\t\t\t\t\t\t<\/div>\n\t\t\t\t\t<\/div>\n\t\t<\/div>\n\t\t\t\t\t<\/div>\n\t\t<\/section>\n\t\t\t\t<section data-particle_enable=\"false\" data-particle-mobile-disabled=\"false\" class=\"elementor-section elementor-top-section elementor-element elementor-element-f0e8c5b elementor-section-boxed elementor-section-height-default elementor-section-height-default\" data-id=\"f0e8c5b\" data-element_type=\"section\" data-e-type=\"section\">\n\t\t\t\t\t\t<div class=\"elementor-container elementor-column-gap-default\">\n\t\t\t\t\t<div class=\"elementor-column elementor-col-50 elementor-top-column elementor-element elementor-element-09c9e4a\" data-id=\"09c9e4a\" data-element_type=\"column\" data-e-type=\"column\">\n\t\t\t<div class=\"elementor-widget-wrap elementor-element-populated\">\n\t\t\t\t\t\t<div class=\"elementor-element elementor-element-a46d133 elementor-widget elementor-widget-image\" data-id=\"a46d133\" data-element_type=\"widget\" data-e-type=\"widget\" data-widget_type=\"image.default\">\n\t\t\t\t\t\t\t\t\t\t\t\t\t\t\t<img fetchpriority=\"high\" decoding=\"async\" width=\"600\" height=\"803\" src=\"https:\/\/metrosalud.org\/wp-content\/uploads\/2026\/03\/Politica-Publica-de-Adulto-Mayor4.png\" class=\"attachment-large size-large wp-image-10072\" alt=\"\" srcset=\"https:\/\/metrosalud.org\/wp-content\/uploads\/2026\/03\/Politica-Publica-de-Adulto-Mayor4.png 600w, https:\/\/metrosalud.org\/wp-content\/uploads\/2026\/03\/Politica-Publica-de-Adulto-Mayor4-224x300.png 224w\" sizes=\"(max-width: 600px) 100vw, 600px\" \/>\t\t\t\t\t\t\t\t\t\t\t\t\t\t\t<\/div>\n\t\t\t\t\t<\/div>\n\t\t<\/div>\n\t\t\t\t<div class=\"elementor-column elementor-col-50 elementor-top-column elementor-element elementor-element-cc1a63a\" data-id=\"cc1a63a\" data-element_type=\"column\" data-e-type=\"column\">\n\t\t\t<div class=\"elementor-widget-wrap elementor-element-populated\">\n\t\t\t\t\t\t<div class=\"elementor-element elementor-element-5f384ff elementor-widget elementor-widget-heading\" data-id=\"5f384ff\" data-element_type=\"widget\" data-e-type=\"widget\" data-widget_type=\"heading.default\">\n\t\t\t\t\t<h2 class=\"elementor-heading-title elementor-size-default\">What is the objective? <\/h2>\t\t\t\t<\/div>\n\t\t\t\t<div class=\"elementor-element elementor-element-c07d53a elementor-widget__width-initial elementor-widget elementor-widget-text-editor\" data-id=\"c07d53a\" data-element_type=\"widget\" data-e-type=\"widget\" data-widget_type=\"text-editor.default\">\n\t\t\t\t\t\t\t\t\t<p><span class=\"TextRun SCXW55476641 BCX0\" lang=\"ES-CO\" xml:lang=\"ES-CO\" data-contrast=\"auto\"><span class=\"NormalTextRun SCXW55476641 BCX0\">Implement affirmative actions and develop the activities defined in the Public Policy on Aging and Old Age, guaranteeing access for older people to services of promotion, support and social protection that strengthen their autonomy, participation and integral well-being.<\/span><\/span><span class=\"EOP SCXW55476641 BCX0\" data-ccp-props=\"{&quot;335551550&quot;:6,&quot;335551620&quot;:6,&quot;335559739&quot;:0}\">\u00a0<\/span><\/p>\t\t\t\t\t\t\t\t<\/div>\n\t\t\t\t<div class=\"elementor-element elementor-element-92ab829 elementor-widget elementor-widget-heading\" data-id=\"92ab829\" data-element_type=\"widget\" data-e-type=\"widget\" data-widget_type=\"heading.default\">\n\t\t\t\t\t<h2 class=\"elementor-heading-title elementor-size-default\">How does it develop? <\/h2>\t\t\t\t<\/div>\n\t\t\t\t<div class=\"elementor-element elementor-element-b422c9b elementor-widget__width-initial elementor-widget elementor-widget-text-editor\" data-id=\"b422c9b\" data-element_type=\"widget\" data-e-type=\"widget\" data-widget_type=\"text-editor.default\">\n\t\t\t\t\t\t\t\t\t<p class=\"translation-block\">It is implemented through an inter-administrative contract using participatory budgeting resources, which allows for the implementation of technical, assistance, professional, administrative, and operational actions to provide comprehensive care to the elderly population of the District. The intervention is structured in three main components :<\/p>\t\t\t\t\t\t\t\t<\/div>\n\t\t\t\t\t<\/div>\n\t\t<\/div>\n\t\t\t\t\t<\/div>\n\t\t<\/section>\n\t\t<div data-particle_enable=\"false\" data-particle-mobile-disabled=\"false\" class=\"elementor-element elementor-element-d9806e8 e-flex e-con-boxed e-con e-parent\" data-id=\"d9806e8\" data-element_type=\"container\" data-e-type=\"container\" data-settings=\"{&quot;background_background&quot;:&quot;classic&quot;}\">\n\t\t\t\t\t<div class=\"e-con-inner\">\n\t\t<div data-particle_enable=\"false\" data-particle-mobile-disabled=\"false\" class=\"elementor-element elementor-element-72cc97a e-con-full e-flex e-con e-child\" data-id=\"72cc97a\" data-element_type=\"container\" data-e-type=\"container\">\n\t\t\t\t<div class=\"elementor-element elementor-element-54a8255 elementor-widget elementor-widget-image-box\" data-id=\"54a8255\" data-element_type=\"widget\" data-e-type=\"widget\" data-widget_type=\"image-box.default\">\n\t\t\t\t\t<div class=\"elementor-image-box-wrapper\"><div class=\"elementor-image-box-content\"><h3 class=\"elementor-image-box-title\">Component 1. <br><\/h3><p class=\"elementor-image-box-description\">Implementation of affirmative actions and monitoring of Public Policy, aimed at monitoring and strengthening the Municipal Plan for Aging and Old Age. <\/p><\/div><\/div>\t\t\t\t<\/div>\n\t\t\t\t<div class=\"elementor-element elementor-element-e7c9f41 elementor-widget elementor-widget-image-box\" data-id=\"e7c9f41\" data-element_type=\"widget\" data-e-type=\"widget\" data-widget_type=\"image-box.default\">\n\t\t\t\t\t<div class=\"elementor-image-box-wrapper\"><div class=\"elementor-image-box-content\"><h3 class=\"elementor-image-box-title\">Component 3. <br><\/h3><p class=\"elementor-image-box-description\">Technical, operational and administrative support for the planning, execution and evaluation of services.<\/p><\/div><\/div>\t\t\t\t<\/div>\n\t\t\t\t<\/div>\n\t\t\t\t<div class=\"elementor-element elementor-element-90b606e elementor-widget elementor-widget-image-box\" data-id=\"90b606e\" data-element_type=\"widget\" data-e-type=\"widget\" data-widget_type=\"image-box.default\">\n\t\t\t\t\t<div class=\"elementor-image-box-wrapper\"><div class=\"elementor-image-box-content\"><h3 class=\"elementor-image-box-title\">Componente 2 <br>Development of the Service Plan for Older Adults    <\/h3><p class=\"elementor-image-box-description\">Training in crafts, arts, and trades. <br>\n\nCraft fairs and community exchange spaces. <br>\n\nSunny Days Strategy. <br>\n\nPlayful-therapeutic sessions. <br>\n\nCaregiver training. <br>\n\nDigital skills training (ICT). <br>\n\nLife plan redesign. <br>\n\nFinancial support. <br>\n\nCare in Gerontological Life Centers. \n\n <\/p><\/div><\/div>\t\t\t\t<\/div>\n\t\t\t\t\t<\/div>\n\t\t\t\t<\/div>\n\t\t\t\t<section data-particle_enable=\"false\" data-particle-mobile-disabled=\"false\" class=\"elementor-section elementor-top-section elementor-element elementor-element-e251818 elementor-section-boxed elementor-section-height-default elementor-section-height-default\" data-id=\"e251818\" data-element_type=\"section\" data-e-type=\"section\" data-settings=\"{&quot;background_background&quot;:&quot;classic&quot;,&quot;shape_divider_top_negative&quot;:&quot;yes&quot;,&quot;shape_divider_top&quot;:&quot;curve&quot;}\">\n\t\t\t\t\t<div class=\"elementor-shape elementor-shape-top\" aria-hidden=\"true\" data-negative=\"true\">\n\t\t\t<svg xmlns=\"http:\/\/www.w3.org\/2000\/svg\" viewbox=\"0 0 1000 100\" preserveaspectratio=\"none\">\n\t<path class=\"elementor-shape-fill\" d=\"M500,97C126.7,96.3,0.8,19.8,0,0v100l1000,0V1C1000,19.4,873.3,97.8,500,97z\"\/>\n<\/svg>\t\t<\/div>\n\t\t\t\t\t<div class=\"elementor-container elementor-column-gap-default\">\n\t\t\t\t\t<div class=\"elementor-column elementor-col-50 elementor-top-column elementor-element elementor-element-5331ed9\" data-id=\"5331ed9\" data-element_type=\"column\" data-e-type=\"column\">\n\t\t\t<div class=\"elementor-widget-wrap elementor-element-populated\">\n\t\t\t\t\t\t<div class=\"elementor-element elementor-element-ddeae1d elementor-widget elementor-widget-heading\" data-id=\"ddeae1d\" data-element_type=\"widget\" data-e-type=\"widget\" data-widget_type=\"heading.default\">\n\t\t\t\t\t<h2 class=\"elementor-heading-title elementor-size-default\">Who is it aimed at? <\/h2>\t\t\t\t<\/div>\n\t\t\t\t<div class=\"elementor-element elementor-element-c0dcfc3 elementor-widget__width-initial elementor-widget elementor-widget-text-editor\" data-id=\"c0dcfc3\" data-element_type=\"widget\" data-e-type=\"widget\" data-widget_type=\"text-editor.default\">\n\t\t\t\t\t\t\t\t\tSenior citizens residing in the Special District of Medell\u00edn. For the year 2025, it provided 14 services, with coverage that benefited 240 senior citizens; in some programs, more than 45,000 people were reached in actions of greater scope, according to the levels of intervention.\u00a0\t\t\t\t\t\t\t\t<\/div>\n\t\t\t\t<div class=\"elementor-element elementor-element-f382ccf elementor-widget elementor-widget-heading\" data-id=\"f382ccf\" data-element_type=\"widget\" data-e-type=\"widget\" data-widget_type=\"heading.default\">\n\t\t\t\t\t<h2 class=\"elementor-heading-title elementor-size-default\">How can I participate or gain access? <\/h2>\t\t\t\t<\/div>\n\t\t\t\t<div class=\"elementor-element elementor-element-38f851a elementor-widget__width-initial elementor-widget elementor-widget-text-editor\" data-id=\"38f851a\" data-element_type=\"widget\" data-e-type=\"widget\" data-widget_type=\"text-editor.default\">\n\t\t\t\t\t\t\t\t\t<p>Those interested can consult the range of services, requirements and access routes through the Secretariat of Social Inclusion and Family, in the Senior Citizens Team section: https:\/\/www.medellin.gov.co\/es\/secretaria-de-inclusion-social-y-familia\/subsecretaria-de-grupos-poblacionales\/equipo-de-personas-mayores-amautta\/<\/p>\t\t\t\t\t\t\t\t<\/div>\n\t\t\t\t<div class=\"elementor-element elementor-element-89128cb elementor-widget elementor-widget-button\" data-id=\"89128cb\" data-element_type=\"widget\" data-e-type=\"widget\" data-widget_type=\"button.default\">\n\t\t\t\t\t\t\t\t\t\t<a class=\"elementor-button elementor-button-link elementor-size-sm\" href=\"https:\/\/www.medellin.gov.co\/es\/secretaria-de-inclusion-social-y-familia\/subsecretaria-de-grupos-poblacionales\/equipo-de-personas-mayores-amautta\/\" rel=\"noopener\">\n\t\t\t\t\t\t<span class=\"elementor-button-content-wrapper\">\n\t\t\t\t\t\t\t\t\t<span class=\"elementor-button-text\">Haz clic aqu\u00ed<\/span>\n\t\t\t\t\t<\/span>\n\t\t\t\t\t<\/a>\n\t\t\t\t\t\t\t\t<\/div>\n\t\t\t\t\t<\/div>\n\t\t<\/div>\n\t\t\t\t<div class=\"elementor-column elementor-col-50 elementor-top-column elementor-element elementor-element-21b6404\" data-id=\"21b6404\" data-element_type=\"column\" data-e-type=\"column\">\n\t\t\t<div class=\"elementor-widget-wrap elementor-element-populated\">\n\t\t\t\t\t\t<div class=\"elementor-element elementor-element-97626ad elementor-widget elementor-widget-image\" data-id=\"97626ad\" data-element_type=\"widget\" data-e-type=\"widget\" data-widget_type=\"image.default\">\n\t\t\t\t\t\t\t\t\t\t\t\t\t\t\t<img decoding=\"async\" width=\"600\" height=\"803\" src=\"https:\/\/metrosalud.org\/wp-content\/uploads\/2026\/03\/Politica-Publica-de-Adulto-Mayor3.png\" class=\"attachment-large size-large wp-image-10073\" alt=\"\" srcset=\"https:\/\/metrosalud.org\/wp-content\/uploads\/2026\/03\/Politica-Publica-de-Adulto-Mayor3.png 600w, https:\/\/metrosalud.org\/wp-content\/uploads\/2026\/03\/Politica-Publica-de-Adulto-Mayor3-224x300.png 224w\" sizes=\"(max-width: 600px) 100vw, 600px\" \/>\t\t\t\t\t\t\t\t\t\t\t\t\t\t\t<\/div>\n\t\t\t\t\t<\/div>\n\t\t<\/div>\n\t\t\t\t\t<\/div>\n\t\t<\/section>\n\t\t\t\t<section data-particle_enable=\"false\" data-particle-mobile-disabled=\"false\" class=\"elementor-section elementor-top-section elementor-element elementor-element-f5b8ebf elementor-section-boxed elementor-section-height-default elementor-section-height-default\" data-id=\"f5b8ebf\" data-element_type=\"section\" data-e-type=\"section\" data-settings=\"{&quot;background_background&quot;:&quot;classic&quot;}\">\n\t\t\t\t\t\t<div class=\"elementor-container elementor-column-gap-default\">\n\t\t\t\t\t<div class=\"elementor-column elementor-col-100 elementor-top-column elementor-element elementor-element-167e0bb\" data-id=\"167e0bb\" data-element_type=\"column\" data-e-type=\"column\">\n\t\t\t<div class=\"elementor-widget-wrap elementor-element-populated\">\n\t\t\t\t\t\t<div class=\"elementor-element elementor-element-b936c14 elementor-widget elementor-widget-text-editor\" data-id=\"b936c14\" data-element_type=\"widget\" data-e-type=\"widget\" data-widget_type=\"text-editor.default\">\n\t\t\t\t\t\t\t\t\t<p class=\"translation-block\">Medell\u00edn works to ensure that older people live with well-being, care and   active participation .<\/p>\t\t\t\t\t\t\t\t<\/div>\n\t\t\t\t\t<\/div>\n\t\t<\/div>\n\t\t\t\t\t<\/div>\n\t\t<\/section>\n\t\t\t\t<\/div>","protected":false},"excerpt":{"rendered":"<p>Envejecimiento y Vejez Pol\u00edtica P\u00fablica para el cuidado, la protecci\u00f3n y el envejecimiento digno Esta estrategia\u00a0desarrolla las acciones de la Pol\u00edtica P\u00fablica de Envejecimiento y Vejez del Distrito Especial de [&hellip;]<\/p>\n","protected":false},"author":2,"featured_media":5189,"parent":4981,"menu_order":0,"comment_status":"closed","ping_status":"closed","template":"","meta":{"_acf_changed":false,"site-sidebar-layout":"no-sidebar","site-content-layout":"","ast-site-content-layout":"full-width-container","site-content-style":"default","site-sidebar-style":"default","ast-global-header-display":"","ast-banner-title-visibility":"","ast-main-header-display":"","ast-hfb-above-header-display":"","ast-hfb-below-header-display":"","ast-hfb-mobile-header-display":"","site-post-title":"disabled","ast-breadcrumbs-content":"","ast-featured-img":"disabled","footer-sml-layout":"","ast-disable-related-posts":"","theme-transparent-header-meta":"","adv-header-id-meta":"","stick-header-meta":"","header-above-stick-meta":"","header-main-stick-meta":"","header-below-stick-meta":"","astra-migrate-meta-layouts":"default","ast-page-background-enabled":"default","ast-page-background-meta":{"desktop":{"background-color":"var(--ast-global-color-5)","background-image":"","background-repeat":"repeat","background-position":"center center","background-size":"auto","background-attachment":"scroll","background-type":"","background-media":"","overlay-type":"","overlay-color":"","overlay-opacity":"","overlay-gradient":""},"tablet":{"background-color":"","background-image":"","background-repeat":"repeat","background-position":"center center","background-size":"auto","background-attachment":"scroll","background-type":"","background-media":"","overlay-type":"","overlay-color":"","overlay-opacity":"","overlay-gradient":""},"mobile":{"background-color":"","background-image":"","background-repeat":"repeat","background-position":"center center","background-size":"auto","background-attachment":"scroll","background-type":"","background-media":"","overlay-type":"","overlay-color":"","overlay-opacity":"","overlay-gradient":""}},"ast-content-background-meta":{"desktop":{"background-color":"var(--ast-global-color-4)","background-image":"","background-repeat":"repeat","background-position":"center center","background-size":"auto","background-attachment":"scroll","background-type":"","background-media":"","overlay-type":"","overlay-color":"","overlay-opacity":"","overlay-gradient":""},"tablet":{"background-color":"var(--ast-global-color-4)","background-image":"","background-repeat":"repeat","background-position":"center center","background-size":"auto","background-attachment":"scroll","background-type":"","background-media":"","overlay-type":"","overlay-color":"","overlay-opacity":"","overlay-gradient":""},"mobile":{"background-color":"var(--ast-global-color-4)","background-image":"","background-repeat":"repeat","background-position":"center center","background-size":"auto","background-attachment":"scroll","background-type":"","background-media":"","overlay-type":"","overlay-color":"","overlay-opacity":"","overlay-gradient":""}},"footnotes":""},"class_list":["post-5180","page","type-page","status-publish","has-post-thumbnail","hentry"],"acf":[],"_links":{"self":[{"href":"https:\/\/metrosalud.org\/en\/wp-json\/wp\/v2\/pages\/5180","targetHints":{"allow":["GET"]}}],"collection":[{"href":"https:\/\/metrosalud.org\/en\/wp-json\/wp\/v2\/pages"}],"about":[{"href":"https:\/\/metrosalud.org\/en\/wp-json\/wp\/v2\/types\/page"}],"author":[{"embeddable":true,"href":"https:\/\/metrosalud.org\/en\/wp-json\/wp\/v2\/users\/2"}],"replies":[{"embeddable":true,"href":"https:\/\/metrosalud.org\/en\/wp-json\/wp\/v2\/comments?post=5180"}],"version-history":[{"count":59,"href":"https:\/\/metrosalud.org\/en\/wp-json\/wp\/v2\/pages\/5180\/revisions"}],"predecessor-version":[{"id":10077,"href":"https:\/\/metrosalud.org\/en\/wp-json\/wp\/v2\/pages\/5180\/revisions\/10077"}],"up":[{"embeddable":true,"href":"https:\/\/metrosalud.org\/en\/wp-json\/wp\/v2\/pages\/4981"}],"wp:featuredmedia":[{"embeddable":true,"href":"https:\/\/metrosalud.org\/en\/wp-json\/wp\/v2\/media\/5189"}],"wp:attachment":[{"href":"https:\/\/metrosalud.org\/en\/wp-json\/wp\/v2\/media?parent=5180"}],"curies":[{"name":"wp","href":"https:\/\/api.w.org\/{rel}","templated":true}]}}